{"id":2311,"date":"2021-10-21T10:07:01","date_gmt":"2021-10-21T10:07:01","guid":{"rendered":"http:\/\/wp2021.templaza.net\/charity\/?page_id=2311"},"modified":"2025-11-07T13:12:57","modified_gmt":"2025-11-07T10:12:57","slug":"about-us","status":"publish","type":"page","link":"https:\/\/ozergroupas.com\/?page_id=2311","title":{"rendered":"Hakk\u0131m\u0131zda"},"content":{"rendered":"\t\t<div data-elementor-type=\"wp-page\" data-elementor-id=\"2311\" class=\"elementor elementor-2311\">\n\t\t\t\t\t\t<section class=\"elementor-section elementor-top-section elementor-element elementor-element-3d6be13 elementor-section-boxed elementor-section-height-default elementor-section-height-default\" data-id=\"3d6be13\" data-element_type=\"section\" data-e-type=\"section\">\n\t\t\t\t\t\t<div class=\"elementor-container elementor-column-gap-extended\">\n\t\t\t\t\t<div class=\"elementor-column elementor-col-50 elementor-top-column elementor-element elementor-element-4283e88\" data-id=\"4283e88\" data-element_type=\"column\" data-e-type=\"column\" data-settings=\"{&quot;background_background&quot;:&quot;classic&quot;}\">\n\t\t\t<div class=\"elementor-widget-wrap\">\n\t\t\t\t\t\t\t<\/div>\n\t\t<\/div>\n\t\t\t\t<div class=\"elementor-column elementor-col-50 elementor-top-column elementor-element elementor-element-60281d7\" data-id=\"60281d7\" data-element_type=\"column\" data-e-type=\"column\">\n\t\t\t<div class=\"elementor-widget-wrap elementor-element-populated\">\n\t\t\t\t\t\t<div class=\"elementor-element elementor-element-179ad51 elementor-widget__width-initial elementor-widget elementor-widget-text-editor\" data-id=\"179ad51\" data-element_type=\"widget\" data-e-type=\"widget\" data-widget_type=\"text-editor.default\">\n\t\t\t\t<div class=\"elementor-widget-container\">\n\t\t\t\t\t\t\t\t\t<p>Y\u00fcksek Hizmet kalitesi ve faydal\u0131 model geli\u015ftirme s\u00fcre\u00e7leri akabinde t\u00fcm hizmet verdi\u011fimiz sekt\u00f6rlerimizde sizlere katma de\u011fer sa\u011flamaktay\u0131z. Yenilik\u00e7i projelerimiz ile kurumunuzun hedeflerine daha emin ad\u0131mlarla, ilkesel ba\u011fl\u0131l\u0131klar\u0131n\u0131 koruyup, kuvvetlendirerek ilerlemesini sa\u011flama amac\u0131n\u0131 g\u00fctmekteyiz.<\/p><p>\u00d6zer Group<br \/>Y\u00f6netim Kurulu Ba\u015fkan\u0131<br \/>\u0130dris \u00d6zer \u2026<\/p>\t\t\t\t\t\t\t\t<\/div>\n\t\t\t\t<\/div>\n\t\t\t\t\t<\/div>\n\t\t<\/div>\n\t\t\t\t\t<\/div>\n\t\t<\/section>\n\t\t\t\t<\/div>\n\t\t","protected":false},"excerpt":{"rendered":"<p>Y\u00fcksek Hizmet kalitesi ve faydal\u0131 model geli\u015ftirme s\u00fcre\u00e7leri akabinde t\u00fcm hizmet verdi\u011fimiz sekt\u00f6rlerimizde sizlere katma de\u011fer sa\u011flamaktay\u0131z. Yenilik\u00e7i projelerimiz ile kurumunuzun hedeflerine daha emin ad\u0131mlarla, ilkesel ba\u011fl\u0131l\u0131klar\u0131n\u0131 koruyup, kuvvetlendirerek ilerlemesini sa\u011flama amac\u0131n\u0131 g\u00fctmekteyiz. \u00d6zer GroupY\u00f6netim Kurulu Ba\u015fkan\u0131\u0130dris \u00d6zer \u2026<\/p>\n","protected":false},"author":1,"featured_media":0,"parent":0,"menu_order":0,"comment_status":"closed","ping_status":"closed","template":"","meta":{"footnotes":""},"class_list":["post-2311","page","type-page","status-publish","hentry"],"_links":{"self":[{"href":"https:\/\/ozergroupas.com\/index.php?rest_route=\/wp\/v2\/pages\/2311","targetHints":{"allow":["GET"]}}],"collection":[{"href":"https:\/\/ozergroupas.com\/index.php?rest_route=\/wp\/v2\/pages"}],"about":[{"href":"https:\/\/ozergroupas.com\/index.php?rest_route=\/wp\/v2\/types\/page"}],"author":[{"embeddable":true,"href":"https:\/\/ozergroupas.com\/index.php?rest_route=\/wp\/v2\/users\/1"}],"replies":[{"embeddable":true,"href":"https:\/\/ozergroupas.com\/index.php?rest_route=%2Fwp%2Fv2%2Fcomments&post=2311"}],"version-history":[{"count":21,"href":"https:\/\/ozergroupas.com\/index.php?rest_route=\/wp\/v2\/pages\/2311\/revisions"}],"predecessor-version":[{"id":6364,"href":"https:\/\/ozergroupas.com\/index.php?rest_route=\/wp\/v2\/pages\/2311\/revisions\/6364"}],"wp:attachment":[{"href":"https:\/\/ozergroupas.com\/index.php?rest_route=%2Fwp%2Fv2%2Fmedia&parent=2311"}],"curies":[{"name":"wp","href":"https:\/\/api.w.org\/{rel}","templated":true}]}}